{"id":1964,"date":"2025-07-07T15:14:08","date_gmt":"2025-07-07T15:14:08","guid":{"rendered":"https:\/\/belachepartyrental.us\/?post_type=product&#038;p=1964"},"modified":"2025-07-21T15:36:49","modified_gmt":"2025-07-21T15:36:49","slug":"hongos","status":"publish","type":"product","link":"https:\/\/belachepartyrental.us\/en\/product\/hongos\/","title":{"rendered":"Fungus"},"content":{"rendered":"","protected":false},"excerpt":{"rendered":"<p>Set de dos encantadores hongos elaborados en foam (espuma ligera), ideales para dar un toque m\u00e1gico, estos hongos son perfectos para ambientaciones tem\u00e1ticas como bosques encantados, hadas, primavera o fiestas infantiles. Aportan un elemento l\u00fadico y encantador que cautiva tanto a ni\u00f1os como a adultos.<\/p>","protected":false},"featured_media":2634,"comment_status":"open","ping_status":"closed","template":"","meta":[],"product_brand":[],"product_cat":[81],"product_tag":[],"class_list":{"0":"post-1964","1":"product","2":"type-product","3":"status-publish","4":"has-post-thumbnail","6":"product_cat-complementos-decorativos","8":"first","9":"instock","10":"shipping-taxable","11":"purchasable","12":"product-type-simple"},"_links":{"self":[{"href":"https:\/\/belachepartyrental.us\/en\/wp-json\/wp\/v2\/product\/1964","targetHints":{"allow":["GET"]}}],"collection":[{"href":"https:\/\/belachepartyrental.us\/en\/wp-json\/wp\/v2\/product"}],"about":[{"href":"https:\/\/belachepartyrental.us\/en\/wp-json\/wp\/v2\/types\/product"}],"replies":[{"embeddable":true,"href":"https:\/\/belachepartyrental.us\/en\/wp-json\/wp\/v2\/comments?post=1964"}],"wp:featuredmedia":[{"embeddable":true,"href":"https:\/\/belachepartyrental.us\/en\/wp-json\/wp\/v2\/media\/2634"}],"wp:attachment":[{"href":"https:\/\/belachepartyrental.us\/en\/wp-json\/wp\/v2\/media?parent=1964"}],"wp:term":[{"taxonomy":"product_brand","embeddable":true,"href":"https:\/\/belachepartyrental.us\/en\/wp-json\/wp\/v2\/product_brand?post=1964"},{"taxonomy":"product_cat","embeddable":true,"href":"https:\/\/belachepartyrental.us\/en\/wp-json\/wp\/v2\/product_cat?post=1964"},{"taxonomy":"product_tag","embeddable":true,"href":"https:\/\/belachepartyrental.us\/en\/wp-json\/wp\/v2\/product_tag?post=1964"}],"curies":[{"name":"wp","href":"https:\/\/api.w.org\/{rel}","templated":true}]}}