{"id":1933,"date":"2025-07-07T13:45:39","date_gmt":"2025-07-07T13:45:39","guid":{"rendered":"https:\/\/belachepartyrental.us\/?post_type=product&#038;p=1933"},"modified":"2025-07-21T14:24:49","modified_gmt":"2025-07-21T14:24:49","slug":"letrero-barbie","status":"publish","type":"product","link":"https:\/\/belachepartyrental.us\/en\/product\/letrero-barbie\/","title":{"rendered":"Barbie Letter"},"content":{"rendered":"","protected":false},"excerpt":{"rendered":"<p>Este letrero LED presenta el ic\u00f3nico dise\u00f1o de la cabeza de Barbie, iluminando cualquier espacio con un estilo divertido y moderno. F\u00e1cil de instalar, su luz LED resalta los detalles del dise\u00f1o, creando un ambiente vibrante y memorable.<\/p>\n<p><strong>Measures:<\/strong><\/p>\n<ul>\n<li>14'' Height 14'' Width<\/li>\n<\/ul>\n<p><strong>Color:<\/strong><\/p>\n<ul>\n<li>Pink<\/li>\n<\/ul>","protected":false},"featured_media":2624,"comment_status":"open","ping_status":"closed","template":"","meta":[],"product_brand":[],"product_cat":[82],"product_tag":[],"class_list":{"0":"post-1933","1":"product","2":"type-product","3":"status-publish","4":"has-post-thumbnail","6":"product_cat-letreros-led","8":"first","9":"instock","10":"shipping-taxable","11":"purchasable","12":"product-type-simple"},"_links":{"self":[{"href":"https:\/\/belachepartyrental.us\/en\/wp-json\/wp\/v2\/product\/1933","targetHints":{"allow":["GET"]}}],"collection":[{"href":"https:\/\/belachepartyrental.us\/en\/wp-json\/wp\/v2\/product"}],"about":[{"href":"https:\/\/belachepartyrental.us\/en\/wp-json\/wp\/v2\/types\/product"}],"replies":[{"embeddable":true,"href":"https:\/\/belachepartyrental.us\/en\/wp-json\/wp\/v2\/comments?post=1933"}],"wp:featuredmedia":[{"embeddable":true,"href":"https:\/\/belachepartyrental.us\/en\/wp-json\/wp\/v2\/media\/2624"}],"wp:attachment":[{"href":"https:\/\/belachepartyrental.us\/en\/wp-json\/wp\/v2\/media?parent=1933"}],"wp:term":[{"taxonomy":"product_brand","embeddable":true,"href":"https:\/\/belachepartyrental.us\/en\/wp-json\/wp\/v2\/product_brand?post=1933"},{"taxonomy":"product_cat","embeddable":true,"href":"https:\/\/belachepartyrental.us\/en\/wp-json\/wp\/v2\/product_cat?post=1933"},{"taxonomy":"product_tag","embeddable":true,"href":"https:\/\/belachepartyrental.us\/en\/wp-json\/wp\/v2\/product_tag?post=1933"}],"curies":[{"name":"wp","href":"https:\/\/api.w.org\/{rel}","templated":true}]}}