{"id":1911,"date":"2025-07-07T13:34:03","date_gmt":"2025-07-07T13:34:03","guid":{"rendered":"https:\/\/belachepartyrental.us\/?post_type=product&#038;p=1911"},"modified":"2025-07-21T16:37:08","modified_gmt":"2025-07-21T16:37:08","slug":"bases-rose","status":"publish","type":"product","link":"https:\/\/belachepartyrental.us\/en\/product\/bases-rose\/","title":{"rendered":"Rose base"},"content":{"rendered":"","protected":false},"excerpt":{"rendered":"<p>Esta base presenta un dise\u00f1o delicado y creativo en forma de flor, ideal para a\u00f1adir un toque fresco y encantador a cualquier evento. Su estructura \u00fanica resalta los dulces o aperitivos de manera elegante y original, convirti\u00e9ndola en un elemento decorativo.<\/p>\n<p><strong>Color:<\/strong><\/p>\n<ul>\n<li>Fusia<\/li>\n<\/ul>","protected":false},"featured_media":2663,"comment_status":"open","ping_status":"closed","template":"","meta":[],"product_brand":[],"product_cat":[84],"product_tag":[],"class_list":{"0":"post-1911","1":"product","2":"type-product","3":"status-publish","4":"has-post-thumbnail","6":"product_cat-bandejas-y-torteras","8":"first","9":"instock","10":"shipping-taxable","11":"purchasable","12":"product-type-simple"},"_links":{"self":[{"href":"https:\/\/belachepartyrental.us\/en\/wp-json\/wp\/v2\/product\/1911","targetHints":{"allow":["GET"]}}],"collection":[{"href":"https:\/\/belachepartyrental.us\/en\/wp-json\/wp\/v2\/product"}],"about":[{"href":"https:\/\/belachepartyrental.us\/en\/wp-json\/wp\/v2\/types\/product"}],"replies":[{"embeddable":true,"href":"https:\/\/belachepartyrental.us\/en\/wp-json\/wp\/v2\/comments?post=1911"}],"wp:featuredmedia":[{"embeddable":true,"href":"https:\/\/belachepartyrental.us\/en\/wp-json\/wp\/v2\/media\/2663"}],"wp:attachment":[{"href":"https:\/\/belachepartyrental.us\/en\/wp-json\/wp\/v2\/media?parent=1911"}],"wp:term":[{"taxonomy":"product_brand","embeddable":true,"href":"https:\/\/belachepartyrental.us\/en\/wp-json\/wp\/v2\/product_brand?post=1911"},{"taxonomy":"product_cat","embeddable":true,"href":"https:\/\/belachepartyrental.us\/en\/wp-json\/wp\/v2\/product_cat?post=1911"},{"taxonomy":"product_tag","embeddable":true,"href":"https:\/\/belachepartyrental.us\/en\/wp-json\/wp\/v2\/product_tag?post=1911"}],"curies":[{"name":"wp","href":"https:\/\/api.w.org\/{rel}","templated":true}]}}