{"id":11,"date":"2025-07-08T14:10:00","date_gmt":"2025-07-08T14:10:00","guid":{"rendered":"https:\/\/belachepartyrental.us\/?page_id=11"},"modified":"2025-07-22T09:48:47","modified_gmt":"2025-07-22T09:48:47","slug":"terminos-y-condiciones","status":"publish","type":"page","link":"https:\/\/belachepartyrental.us\/en\/terminos-y-condiciones\/","title":{"rendered":"Terms and conditions"},"content":{"rendered":"<h2 class=\"wp-block-heading\"><strong>Bela\u2019Che Party Rental<\/strong><\/h2>\n\n\n\n<h3 class=\"wp-block-heading\"><strong>1. Reservations and Payments<\/strong><\/h3>\n\n\n\n<ul class=\"wp-block-list\">\n<li>To confirm an income, a\u00a0<strong>50% deposit of the total<\/strong>, which ensures availability of furniture.<\/li>\n\n\n\n<li>The\u00a0<strong>remaining balance<\/strong>\u00a0must be paid\u00a0<strong>the day of the event<\/strong>, before delivery or installation.<\/li>\n\n\n\n<li>Reservations must be made\u00a0<strong>at least a week in advance<\/strong>.<\/li>\n<\/ul>\n\n\n\n<h3 class=\"wp-block-heading\"><strong>2. Payment methods<\/strong> what we accept:<\/h3>\n\n\n\n<ul class=\"wp-block-list\">\n<li><strong>Zelle<\/strong><\/li>\n\n\n\n<li><strong>PayPal<\/strong><\/li>\n\n\n\n<li><strong>Bank transfer<\/strong><\/li>\n\n\n\n<li><strong>Cash<\/strong><\/li>\n<\/ul>\n\n\n\n<h3 class=\"wp-block-heading\"><strong>3. Delivery and Collection<\/strong><\/h3>\n\n\n\n<ul class=\"wp-block-list\">\n<li>We offer service\u00a0<strong>delivery and collection<\/strong>, con\u00a0<strong>additional cost<\/strong>\u00a0dependiendo de la distancia y ubicaci\u00f3n del evento.<\/li>\n\n\n\n<li>The client must ensure that the area is\u00a0<strong>ready and free of obstacles<\/strong>\u00a0for installation.<\/li>\n\n\n\n<li><strong>We do not move existing furniture<\/strong>\u00a0of the place.<\/li>\n<\/ul>\n\n\n\n<h3 class=\"wp-block-heading\"><strong>4. Rental Duration<\/strong><\/h3>\n\n\n\n<ul class=\"wp-block-list\">\n<li>The rent covers\u00a0<strong>1 day (24 hours)<\/strong>.<\/li>\n\n\n\n<li>If you wish to extend the time, you must request it in advance and will have\u00a0<strong>un costo adicional<\/strong>.<\/li>\n<\/ul>\n\n\n\n<h3 class=\"wp-block-heading\"><strong>5. Damage Deposit<\/strong><\/h3>\n\n\n\n<ul class=\"wp-block-list\">\n<li>It requires a\u00a0<strong>additional refundable deposit<\/strong>\u00a0as a guarantee for possible damages.<\/li>\n\n\n\n<li>The client is responsible for any damage, loss, excessive dirt or misuse of the furniture during the rental.<\/li>\n\n\n\n<li>If furniture is returned dirty or wet, an additional cleaning charge will apply.<\/li>\n<\/ul>\n\n\n\n<h3 class=\"wp-block-heading\"><strong>6. Cancellation Policy<\/strong><\/h3>\n\n\n\n<ul class=\"wp-block-list\">\n<li><strong>The deposit is not returned under any conditions<\/strong>.<\/li>\n\n\n\n<li>Date changes are subject to availability and must be notified with at least\u00a0<strong>72 hours in advance<\/strong>.<\/li>\n<\/ul>\n\n\n\n<h3 class=\"wp-block-heading\"><strong>7. Use of Furniture<\/strong><\/h3>\n\n\n\n<ul class=\"wp-block-list\">\n<li>Bela\u2019Che Party Rental furniture should be used only for decorative and event purposes.<\/li>\n\n\n\n<li>Its use is not permitted under extreme weather conditions or without adequate protection.<\/li>\n\n\n\n<li>The client\u00a0<strong>you should not move or alter furniture.<\/strong>\u00a0after installed without authorization.<\/li>\n<\/ul>\n\n\n\n<h3 class=\"wp-block-heading\"><strong>8. Responsibility<\/strong><\/h3>\n\n\n\n<ul class=\"wp-block-list\">\n<li>Bela\u2019Che Party Rental\u00a0<strong>is not responsible for accidents or injuries<\/strong>\u00a0that occur during the use of the rented furniture.<\/li>\n\n\n\n<li>By making any payment or reservation, the client accepts all these terms.<\/li>\n<\/ul>\n\n\n\n<p><\/p>","protected":false},"excerpt":{"rendered":"<p>Bela\u2019Che Party Rental 1. Reservas y Pagos 2. M\u00e9todos de pago que aceptamos: 3. Entrega y Recolecci\u00f3n 4. Duraci\u00f3n del<\/p>","protected":false},"author":1,"featured_media":0,"parent":0,"menu_order":0,"comment_status":"closed","ping_status":"closed","template":"","meta":{"footnotes":""},"class_list":["post-11","page","type-page","status-publish","hentry"],"_links":{"self":[{"href":"https:\/\/belachepartyrental.us\/en\/wp-json\/wp\/v2\/pages\/11","targetHints":{"allow":["GET"]}}],"collection":[{"href":"https:\/\/belachepartyrental.us\/en\/wp-json\/wp\/v2\/pages"}],"about":[{"href":"https:\/\/belachepartyrental.us\/en\/wp-json\/wp\/v2\/types\/page"}],"author":[{"embeddable":true,"href":"https:\/\/belachepartyrental.us\/en\/wp-json\/wp\/v2\/users\/1"}],"replies":[{"embeddable":true,"href":"https:\/\/belachepartyrental.us\/en\/wp-json\/wp\/v2\/comments?post=11"}],"version-history":[{"count":0,"href":"https:\/\/belachepartyrental.us\/en\/wp-json\/wp\/v2\/pages\/11\/revisions"}],"wp:attachment":[{"href":"https:\/\/belachepartyrental.us\/en\/wp-json\/wp\/v2\/media?parent=11"}],"curies":[{"name":"wp","href":"https:\/\/api.w.org\/{rel}","templated":true}]}}